{"id":30368,"date":"2019-12-17T00:05:25","date_gmt":"2019-12-16T23:05:25","guid":{"rendered":"https:\/\/genevasportsclub.ch\/?page_id=30368"},"modified":"2025-02-15T00:46:18","modified_gmt":"2025-02-14T23:46:18","slug":"events","status":"publish","type":"page","link":"https:\/\/genevasportsclub.ch\/fr\/events\/","title":{"rendered":"EVENEMENTS"},"content":{"rendered":"<p>[et_pb_section fb_built=&#8221;1&#8243; admin_label=&#8221;Header&#8221; _builder_version=&#8221;4.3.2&#8243; use_background_color_gradient=&#8221;on&#8221; background_color_gradient_start=&#8221;rgba(107,184,8,0.43)&#8221; background_color_gradient_end=&#8221;rgba(38,3,63,0.78)&#8221; background_color_gradient_direction=&#8221;142deg&#8221; background_color_gradient_overlays_image=&#8221;on&#8221; background_image=&#8221;https:\/\/genevasportsclub.ch\/wp-content\/uploads\/2019\/11\/70962202_676982366129991_6300363598963146752_o.jpg&#8221; min_height=&#8221;474px&#8221; custom_margin=&#8221;-6px||4px|||&#8221; custom_padding=&#8221;0vw||2px|||&#8221; global_colors_info=&#8221;{}&#8221;][et_pb_row column_structure=&#8221;2_5,3_5&#8243; _builder_version=&#8221;4.3.2&#8243; min_height=&#8221;367px&#8221; custom_margin=&#8221;|auto|-269px|auto||&#8221; custom_padding=&#8221;121px||0px|||&#8221; global_colors_info=&#8221;{}&#8221;][et_pb_column type=&#8221;2_5&#8243; _builder_version=&#8221;3.25.4&#8243; background_color=&#8221;#ffffff&#8221; custom_padding=&#8221;70px|30px|70px|30px|true|true&#8221; custom_padding_tablet=&#8221;30px||30px||true&#8221; custom_padding_phone=&#8221;&#8221; custom_padding_last_edited=&#8221;on|desktop&#8221; box_shadow_vertical_tablet=&#8221;0px&#8221; box_shadow_vertical_phone=&#8221;&#8221; box_shadow_vertical_last_edited=&#8221;on|desktop&#8221; global_colors_info=&#8221;{}&#8221; custom_padding__hover=&#8221;|||&#8221;][et_pb_text _builder_version=&#8221;4.0.9&#8243; text_font=&#8221;Quicksand|600|||||||&#8221; text_font_size=&#8221;16px&#8221; text_line_height=&#8221;1.8em&#8221; link_font=&#8221;|700||on|||||&#8221; link_text_align=&#8221;right&#8221; link_text_color=&#8221;#ff9c7a&#8221; link_font_size=&#8221;12px&#8221; link_letter_spacing=&#8221;4px&#8221; header_font=&#8221;Quicksand||||||||&#8221; header_3_font=&#8221;Quicksand|700||on|||||&#8221; header_3_font_size=&#8221;30px&#8221; header_3_letter_spacing=&#8221;1px&#8221; header_3_line_height=&#8221;1.2em&#8221; width_phone=&#8221;100%&#8221; width_last_edited=&#8221;off|phone&#8221; header_3_font_size_tablet=&#8221;25px&#8221; header_3_font_size_phone=&#8221;20px&#8221; header_3_font_size_last_edited=&#8221;on|phone&#8221; locked=&#8221;off&#8221; global_colors_info=&#8221;{}&#8221;]<\/p>\n<h3>EVENEMENTS Geneva Sports Club<\/h3>\n<p>Trouvez ici nos activit\u00e9s sp\u00e9ciales et tous nos \u00e9v\u00e8nements.\nContactez nous pour r\u00e9server ou pour plus d'informations.<\/p>\n<p>[\/et_pb_text][\/et_pb_column][et_pb_column type=&#8221;3_5&#8243; _builder_version=&#8221;4.0.6&#8243; background_color_gradient_direction=&#8221;90deg&#8221; background_image=&#8221;https:\/\/genevasportsclub.ch\/wp-content\/uploads\/2019\/11\/angryimg.png&#8221; custom_padding=&#8221;30px|||&#8221; global_colors_info=&#8221;{}&#8221; custom_padding__hover=&#8221;|||&#8221;][et_pb_countdown_timer title=&#8221;           Till next event&#8221; date_time=&#8221;2025-02-23 09:00&#8243; _builder_version=&#8221;4.14.1&#8243; header_level=&#8221;h2&#8243; header_font=&#8221;Quicksand|||on|||||&#8221; header_font_size=&#8221;53px&#8221; header_line_height=&#8221;1.2em&#8221; numbers_font=&#8221;Fjalla One||||||||&#8221; numbers_font_size=&#8221;60px&#8221; separator_font=&#8221;||||||||&#8221; label_font=&#8221;Quicksand|700||on|||||&#8221; label_text_color=&#8221;#000000&#8243; label_font_size=&#8221;12px&#8221; label_letter_spacing=&#8221;3px&#8221; label_line_height=&#8221;32px&#8221; background_color=&#8221;rgba(0,0,0,0)&#8221; background_color_gradient_direction=&#8221;90deg&#8221; text_orientation=&#8221;right&#8221; custom_margin=&#8221;||||false|&#8221; custom_margin_tablet=&#8221;0px||0px||true&#8221; custom_margin_last_edited=&#8221;off|tablet&#8221; hover_enabled=&#8221;0&#8243; header_font_size_tablet=&#8221;50px&#8221; header_font_size_phone=&#8221;30px&#8221; header_font_size_last_edited=&#8221;on|phone&#8221; numbers_font_size_tablet=&#8221;30px&#8221; numbers_font_size_phone=&#8221;24px&#8221; numbers_font_size_last_edited=&#8221;on|phone&#8221; label_font_size_tablet=&#8221;12px&#8221; label_font_size_phone=&#8221;&#8221; label_font_size_last_edited=&#8221;on|desktop&#8221; locked=&#8221;off&#8221; global_colors_info=&#8221;{}&#8221; sticky_enabled=&#8221;0&#8243;][\/et_pb_countdown_timer][\/et_pb_column][\/et_pb_row][\/et_pb_section][et_pb_section fb_built=&#8221;1&#8243; custom_padding_last_edited=&#8221;off|tablet&#8221; admin_label=&#8221;Events&#8221; _builder_version=&#8221;3.25.4&#8243; custom_margin=&#8221;44px|||||&#8221; custom_padding=&#8221;||2px|||&#8221; custom_padding_tablet=&#8221;0px||50px||false&#8221; global_colors_info=&#8221;{}&#8221;][et_pb_row column_structure=&#8221;1_2,1_2&#8243; _builder_version=&#8221;3.25.4&#8243; global_colors_info=&#8221;{}&#8221;][et_pb_column type=&#8221;1_2&#8243; _builder_version=&#8221;3.25.3&#8243; global_colors_info=&#8221;{}&#8221;][et_pb_text _builder_version=&#8221;4.0.11&#8243; text_font=&#8221;||||||||&#8221; text_font_size=&#8221;16px&#8221; text_line_height=&#8221;1.8em&#8221; header_font=&#8221;Quicksand||||||||&#8221; header_2_font=&#8221;Quicksand|700||on|||||&#8221; header_2_font_size=&#8221;65px&#8221; header_2_line_height=&#8221;1.2em&#8221; text_orientation=&#8221;center&#8221; width_tablet=&#8221;600px&#8221; width_phone=&#8221;400px&#8221; width_last_edited=&#8221;off|phone&#8221; max_width=&#8221;600px&#8221; module_alignment=&#8221;center&#8221; custom_margin=&#8221;-70px|||||&#8221; custom_margin_tablet=&#8221;&#8221; custom_margin_phone=&#8221;30px||||false|false&#8221; custom_margin_last_edited=&#8221;on|phone&#8221; header_2_font_size_tablet=&#8221;50px&#8221; header_2_font_size_phone=&#8221;30px&#8221; header_2_font_size_last_edited=&#8221;on|phone&#8221; text_text_align=&#8221;center&#8221; locked=&#8221;off&#8221; global_colors_info=&#8221;{}&#8221;]<\/p>\n<h2><\/h2>\n<h2><\/h2>\n<h2><\/h2>\n<h2><\/h2>\n<h2><\/h2>\n<h2><\/h2>\n<h2><\/h2>\n<h2>Events 2025<\/h2>\n<p>[\/et_pb_text][\/et_pb_column][et_pb_column type=&#8221;1_2&#8243; _builder_version=&#8221;4.14.1&#8243; _module_preset=&#8221;default&#8221; global_colors_info=&#8221;{}&#8221;][\/et_pb_column][\/et_pb_row][et_pb_row column_structure=&#8221;1_4,1_4,1_4,1_4&#8243; use_custom_gutter=&#8221;on&#8221; gutter_width=&#8221;2&#8243; disabled_on=&#8221;off|off|off&#8221; _builder_version=&#8221;4.14.1&#8243; custom_margin=&#8221;|auto|26px|auto||&#8221; global_colors_info=&#8221;{}&#8221;][et_pb_column type=&#8221;1_4&#8243; _builder_version=&#8221;3.25.3&#8243; global_colors_info=&#8221;{}&#8221;][et_pb_text _builder_version=&#8221;4.14.1&#8243; header_font=&#8221;||||||||&#8221; header_2_font=&#8221;Fjalla One||||||||&#8221; header_2_font_size=&#8221;60px&#8221; header_2_line_height=&#8221;1.2em&#8221; header_2_font_size_tablet=&#8221;50px&#8221; header_2_font_size_phone=&#8221;30px&#8221; header_2_font_size_last_edited=&#8221;on|phone&#8221; global_colors_info=&#8221;{}&#8221;]<\/p>\n<h2>FEB 23<\/h2>\n<p>[\/et_pb_text][\/et_pb_column][et_pb_column type=&#8221;1_4&#8243; _builder_version=&#8221;3.25.3&#8243; global_colors_info=&#8221;{}&#8221;][et_pb_text _builder_version=&#8221;4.2.2&#8243; text_font=&#8221;Quicksand||||||||&#8221; header_font=&#8221;||||||||&#8221; header_3_font=&#8221;Quicksand|600|||||||&#8221; header_3_font_size=&#8221;20px&#8221; header_3_line_height=&#8221;3em&#8221; custom_margin=&#8221;-20px|-122px|||false|false&#8221; custom_margin_tablet=&#8221;&#8221; custom_margin_phone=&#8221;||30px||false|false&#8221; custom_margin_last_edited=&#8221;on|phone&#8221; custom_padding=&#8221;||0px|||&#8221; global_colors_info=&#8221;{}&#8221;]<\/p>\n<h3>Tournoi amical de badminton<\/h3>\n<p><strong>Tous les niveaux<\/strong><br \/>De 9h \u00e0 18h - Coll\u00e8ge Calvin<\/p>\n<p><a href=\"https:\/\/maps.app.goo.gl\/xLdzD3BqbKJyp1Lw8\">Rue Ferdinand-Hodler 4<\/a><\/p>\n<p>&nbsp;<\/p>\n<p>[\/et_pb_text][\/et_pb_column][et_pb_column type=&#8221;1_4&#8243; _builder_version=&#8221;3.25.3&#8243; global_colors_info=&#8221;{}&#8221;][et_pb_button button_url=&#8221;https:\/\/www.meetup.com\/geneva-badminton-club\/events\/305814519\/?eventOrigin=group_events_list&#8221; url_new_window=&#8221;on&#8221; button_text=&#8221;Event Info&#8221; button_alignment=&#8221;right&#8221; button_alignment_tablet=&#8221;left&#8221; button_alignment_phone=&#8221;&#8221; button_alignment_last_edited=&#8221;on|desktop&#8221; _builder_version=&#8221;4.14.1&#8243; custom_button=&#8221;on&#8221; button_text_size=&#8221;14px&#8221; button_text_color=&#8221;#000000&#8243; button_bg_color=&#8221;rgba(124,183,51,0.76)&#8221; button_bg_color_gradient_start=&#8221;#ffb397&#8243; button_bg_color_gradient_end=&#8221;#f46aa0&#8243; button_bg_color_gradient_direction=&#8221;90deg&#8221; button_border_width=&#8221;0px&#8221; button_border_radius=&#8221;0px&#8221; button_letter_spacing=&#8221;5px&#8221; button_font=&#8221;Open Sans|700||on|||||&#8221; custom_padding=&#8221;20px|30px|20px|30px|true|true&#8221; locked=&#8221;off&#8221; global_colors_info=&#8221;{}&#8221;][\/et_pb_button][\/et_pb_column][et_pb_column type=&#8221;1_4&#8243; _builder_version=&#8221;3.25.3&#8243; global_colors_info=&#8221;{}&#8221;][et_pb_button button_url=&#8221;https:\/\/forms.gle\/H8DLpH8yk7g1ppD59&#8243; url_new_window=&#8221;on&#8221; button_text=&#8221;Reservation&#8221; _builder_version=&#8221;4.14.1&#8243; custom_button=&#8221;on&#8221; button_text_size=&#8221;14px&#8221; button_text_color=&#8221;#000000&#8243; button_bg_color=&#8221;#f46aa0&#8243; button_bg_use_color_gradient=&#8221;on&#8221; button_bg_color_gradient_start=&#8221;#ffb397&#8243; button_bg_color_gradient_end=&#8221;#f46aa0&#8243; button_bg_color_gradient_direction=&#8221;90deg&#8221; button_bg_image=&#8221;https:\/\/genevasportsclub.ch\/wp-content\/uploads\/2019\/11\/angryimg.png&#8221; button_border_width=&#8221;0px&#8221; button_border_radius=&#8221;0px&#8221; button_letter_spacing=&#8221;5px&#8221; button_font=&#8221;Open Sans|700||on|||||&#8221; custom_padding=&#8221;20px|40px|20px|40px|true|true&#8221; locked=&#8221;off&#8221; global_colors_info=&#8221;{}&#8221;][\/et_pb_button][\/et_pb_column][\/et_pb_row][et_pb_row column_structure=&#8221;1_4,1_4,1_4,1_4&#8243; use_custom_gutter=&#8221;on&#8221; gutter_width=&#8221;2&#8243; disabled_on=&#8221;off|off|off&#8221; _builder_version=&#8221;4.14.1&#8243; custom_margin=&#8221;|auto|26px|auto||&#8221; global_colors_info=&#8221;{}&#8221;][et_pb_column type=&#8221;1_4&#8243; _builder_version=&#8221;3.25.3&#8243; global_colors_info=&#8221;{}&#8221;][et_pb_text _builder_version=&#8221;4.14.1&#8243; header_font=&#8221;||||||||&#8221; header_2_font=&#8221;Fjalla One||||||||&#8221; header_2_font_size=&#8221;60px&#8221; header_2_line_height=&#8221;1.2em&#8221; header_2_font_size_tablet=&#8221;50px&#8221; header_2_font_size_phone=&#8221;30px&#8221; header_2_font_size_last_edited=&#8221;on|phone&#8221; global_colors_info=&#8221;{}&#8221;]<\/p>\n<h2>MAR 02<\/h2>\n<p>[\/et_pb_text][\/et_pb_column][et_pb_column type=&#8221;1_4&#8243; _builder_version=&#8221;3.25.3&#8243; global_colors_info=&#8221;{}&#8221;][et_pb_text _builder_version=&#8221;4.2.2&#8243; text_font=&#8221;Quicksand||||||||&#8221; header_font=&#8221;||||||||&#8221; header_3_font=&#8221;Quicksand|600|||||||&#8221; header_3_font_size=&#8221;20px&#8221; header_3_line_height=&#8221;3em&#8221; custom_margin=&#8221;-20px||||false|false&#8221; custom_margin_tablet=&#8221;&#8221; custom_margin_phone=&#8221;||30px||false|false&#8221; custom_margin_last_edited=&#8221;on|phone&#8221; custom_padding=&#8221;||0px|||&#8221; global_colors_info=&#8221;{}&#8221;]<\/p>\n<h3>Ski \u00e0 Villars-Diablerets<\/h3>\n<p><strong>Niveau interm\u00e9diaire\/avanc\u00e9<\/strong><br \/>D\u00e9part de <a href=\"https:\/\/maps.app.goo.gl\/7dD5y9C4ADALvVYA8\">Plainpalais<\/a> \u00e0 7h et retour vers 19h<\/p>\n<p>[\/et_pb_text][\/et_pb_column][et_pb_column type=&#8221;1_4&#8243; _builder_version=&#8221;3.25.3&#8243; global_colors_info=&#8221;{}&#8221;][et_pb_button button_url=&#8221;https:\/\/www.meetup.com\/genevasportsclub\/events\/306096287\/?eventOrigin=group_events_list&#8221; url_new_window=&#8221;on&#8221; button_text=&#8221;Event Info&#8221; button_alignment=&#8221;right&#8221; button_alignment_tablet=&#8221;left&#8221; button_alignment_phone=&#8221;&#8221; button_alignment_last_edited=&#8221;on|desktop&#8221; _builder_version=&#8221;4.14.1&#8243; custom_button=&#8221;on&#8221; button_text_size=&#8221;14px&#8221; button_text_color=&#8221;#000000&#8243; button_bg_color=&#8221;rgba(124,183,51,0.76)&#8221; button_bg_color_gradient_start=&#8221;#ffb397&#8243; button_bg_color_gradient_end=&#8221;#f46aa0&#8243; button_bg_color_gradient_direction=&#8221;90deg&#8221; button_border_width=&#8221;0px&#8221; button_border_radius=&#8221;0px&#8221; button_letter_spacing=&#8221;5px&#8221; button_font=&#8221;Open Sans|700||on|||||&#8221; custom_padding=&#8221;20px|30px|20px|30px|true|true&#8221; hover_enabled=&#8221;0&#8243; locked=&#8221;off&#8221; global_colors_info=&#8221;{}&#8221; sticky_enabled=&#8221;0&#8243;][\/et_pb_button][\/et_pb_column][et_pb_column type=&#8221;1_4&#8243; _builder_version=&#8221;3.25.3&#8243; global_colors_info=&#8221;{}&#8221;][et_pb_button button_url=&#8221;https:\/\/www.meetup.com\/genevasportsclub\/events\/306096287\/?eventOrigin=group_events_list&#8221; url_new_window=&#8221;on&#8221; button_text=&#8221;Reservation&#8221; _builder_version=&#8221;4.14.1&#8243; custom_button=&#8221;on&#8221; button_text_size=&#8221;14px&#8221; button_text_color=&#8221;#000000&#8243; button_bg_color=&#8221;#f46aa0&#8243; button_bg_use_color_gradient=&#8221;on&#8221; button_bg_color_gradient_start=&#8221;#ffb397&#8243; button_bg_color_gradient_end=&#8221;#f46aa0&#8243; button_bg_color_gradient_direction=&#8221;90deg&#8221; button_bg_image=&#8221;https:\/\/genevasportsclub.ch\/wp-content\/uploads\/2019\/11\/angryimg.png&#8221; button_border_width=&#8221;0px&#8221; button_border_radius=&#8221;0px&#8221; button_letter_spacing=&#8221;5px&#8221; button_font=&#8221;Open Sans|700||on|||||&#8221; custom_padding=&#8221;20px|40px|20px|40px|true|true&#8221; hover_enabled=&#8221;0&#8243; locked=&#8221;off&#8221; global_colors_info=&#8221;{}&#8221; sticky_enabled=&#8221;0&#8243;][\/et_pb_button][\/et_pb_column][\/et_pb_row][\/et_pb_section][et_pb_section fb_built=&#8221;1&#8243; admin_label=&#8221;Footer&#8221; _builder_version=&#8221;3.25.3&#8243; custom_margin=&#8221;||-18px|||&#8221; custom_padding=&#8221;2px||35px|||&#8221; locked=&#8221;off&#8221; global_colors_info=&#8221;{}&#8221;][et_pb_row column_structure=&#8221;1_2,1_2&#8243; _builder_version=&#8221;4.0.6&#8243; use_background_color_gradient=&#8221;on&#8221; background_color_gradient_start=&#8221;#f46aa0&#8243; background_color_gradient_end=&#8221;#ffb397&#8243; background_color_gradient_direction=&#8221;90deg&#8221; background_image=&#8221;https:\/\/genevasportsclub.ch\/wp-content\/uploads\/2019\/11\/angryimg.png&#8221; custom_margin=&#8221;50px|auto||auto||&#8221; custom_padding=&#8221;||0px|||&#8221; locked=&#8221;off&#8221; global_colors_info=&#8221;{}&#8221;][et_pb_column type=&#8221;1_2&#8243; _builder_version=&#8221;3.25.3&#8243; global_colors_info=&#8221;{}&#8221;][et_pb_video src=&#8221;https:\/\/genevasportsclub.ch\/wp-content\/uploads\/2019\/11\/XiaoYing_Video_1573941314545_1080HD1.mp4&#8243; image_src=&#8221;https:\/\/genevasportsclub.ch\/wp-content\/uploads\/2019\/11\/people-2586432_1920.jpg&#8221; thumbnail_overlay_color=&#8221;rgba(0,0,0,0.6)&#8221; _builder_version=&#8221;4.0.9&#8243; background_enable_image=&#8221;off&#8221; custom_margin=&#8221;||||false|false&#8221; custom_margin_tablet=&#8221;&#8221; custom_margin_phone=&#8221;-30px||||false|false&#8221; custom_margin_last_edited=&#8221;on|phone&#8221; custom_padding=&#8221;||30px|30px|false|false&#8221; custom_padding_tablet=&#8221;&#8221; custom_padding_phone=&#8221;0px|0px|30px|0px|false|true&#8221; custom_padding_last_edited=&#8221;on|phone&#8221; global_colors_info=&#8221;{}&#8221;][\/et_pb_video][\/et_pb_column][et_pb_column type=&#8221;1_2&#8243; _builder_version=&#8221;3.25.3&#8243; global_colors_info=&#8221;{}&#8221;][et_pb_text _builder_version=&#8221;4.0.9&#8243; text_font=&#8221;||||||||&#8221; text_font_size=&#8221;16px&#8221; text_line_height=&#8221;1.8em&#8221; header_font=&#8221;Quicksand||||||||&#8221; header_2_font=&#8221;Quicksand|700||on|||||&#8221; header_2_font_size=&#8221;65px&#8221; header_2_line_height=&#8221;1.2em&#8221; text_orientation=&#8221;center&#8221; background_layout=&#8221;dark&#8221; width_tablet=&#8221;600px&#8221; width_phone=&#8221;400px&#8221; width_last_edited=&#8221;off|phone&#8221; max_width=&#8221;700px&#8221; module_alignment=&#8221;center&#8221; custom_padding=&#8221;||25px|||&#8221; header_2_font_size_tablet=&#8221;50px&#8221; header_2_font_size_phone=&#8221;30px&#8221; header_2_font_size_last_edited=&#8221;on|phone&#8221; text_text_align=&#8221;center&#8221; locked=&#8221;off&#8221; global_colors_info=&#8221;{}&#8221;]<\/p>\n<h2>\u00a0R\u00e9servez maintenant<\/h2>\n<p>[\/et_pb_text][et_pb_button button_url=&#8221;https:\/\/genevasportsclub.ch\/contact-us\/&#8221; button_text=&#8221;Contact Info&#8221; button_alignment=&#8221;right&#8221; _builder_version=&#8221;4.3.2&#8243; custom_button=&#8221;on&#8221; button_text_size=&#8221;14px&#8221; button_text_color=&#8221;#ffffff&#8221; button_bg_color=&#8221;#000000&#8243; button_bg_color_gradient_start=&#8221;#ffb397&#8243; button_bg_color_gradient_end=&#8221;#f46aa0&#8243; button_bg_color_gradient_direction=&#8221;90deg&#8221; button_border_width=&#8221;0px&#8221; button_border_radius=&#8221;0px&#8221; button_letter_spacing=&#8221;5px&#8221; button_font=&#8221;Quicksand|700||on|||||&#8221; custom_padding=&#8221;20px|40px|20px|40px|true|true&#8221; locked=&#8221;off&#8221; global_colors_info=&#8221;{}&#8221;][\/et_pb_button][\/et_pb_column][\/et_pb_row][et_pb_row custom_padding_last_edited=&#8221;on|desktop&#8221; _builder_version=&#8221;3.25.3&#8243; custom_padding=&#8221;26px|40px|26px|40px|true|true&#8221; custom_padding_tablet=&#8221;&#8221; custom_padding_phone=&#8221;40px||40px||true&#8221; box_shadow_style=&#8221;preset3&#8243; box_shadow_vertical=&#8221;40px&#8221; box_shadow_blur=&#8221;80px&#8221; box_shadow_color=&#8221;rgba(131,146,167,0.15)&#8221; locked=&#8221;off&#8221; global_colors_info=&#8221;{}&#8221;][et_pb_column type=&#8221;4_4&#8243; _builder_version=&#8221;3.25.3&#8243; custom_padding=&#8221;|||&#8221; global_colors_info=&#8221;{}&#8221; custom_padding__hover=&#8221;|||&#8221;][et_pb_text _builder_version=&#8221;4.0.6&#8243; text_font=&#8221;||||||||&#8221; header_font=&#8221;||||||||&#8221; header_4_font=&#8221;Fjalla One||||||||&#8221; header_4_font_size=&#8221;20px&#8221; header_4_letter_spacing=&#8221;7px&#8221; header_4_line_height=&#8221;1.2em&#8221; header_4_text_align_tablet=&#8221;&#8221; header_4_text_align_phone=&#8221;center&#8221; header_4_text_align_last_edited=&#8221;on|desktop&#8221; global_colors_info=&#8221;{}&#8221; text_text_align_tablet=&#8221;left&#8221; text_text_align_phone=&#8221;left&#8221; text_text_align_last_edited=&#8221;off|desktop&#8221;]<\/p>\n<h4 style=\"text-align: center;\">Suivez nous<\/h4>\n<p>[\/et_pb_text][et_pb_social_media_follow _builder_version=&#8221;4.3.2&#8243; custom_button=&#8221;on&#8221; text_orientation=&#8221;center&#8221; width_tablet=&#8221;&#8221; width_phone=&#8221;&#8221; width_last_edited=&#8221;on|phone&#8221; custom_margin_tablet=&#8221;&#8221; custom_margin_phone=&#8221;||||false|true&#8221; custom_margin_last_edited=&#8221;on|phone&#8221; custom_padding=&#8221;||0px|||&#8221; custom_padding_tablet=&#8221;|||52px&#8221; custom_padding_phone=&#8221;||0px|0px|false|false&#8221; custom_padding_last_edited=&#8221;on|phone&#8221; filter_invert=&#8221;100%&#8221; filter_opacity=&#8221;27%&#8221; button_text_size_tablet=&#8221;&#8221; button_text_size_phone=&#8221;12px&#8221; button_text_size_last_edited=&#8221;on|phone&#8221; button_border_radius_tablet=&#8221;&#8221; button_border_radius_phone=&#8221;0px&#8221; button_border_radius_last_edited=&#8221;on|phone&#8221; text_orientation_tablet=&#8221;left&#8221; text_orientation_phone=&#8221;center&#8221; text_orientation_last_edited=&#8221;on|phone&#8221; border_radii=&#8221;on|50px|50px|50px|50px&#8221; border_width_all=&#8221;10px&#8221; border_color_all=&#8221;rgba(0,0,0,0)&#8221; global_colors_info=&#8221;{}&#8221; icon_color__hover=&#8221;#000000&#8243;][et_pb_social_media_follow_network social_network=&#8221;facebook&#8221; url=&#8221;https:\/\/fr-fr.facebook.com\/pg\/genevasportsclub\/posts\/&#8221; _builder_version=&#8221;4.0.9&#8243; background_color=&#8221;rgba(0,0,0,0)&#8221; global_colors_info=&#8221;{}&#8221; follow_button=&#8221;off&#8221; url_new_window=&#8221;on&#8221;]facebook[\/et_pb_social_media_follow_network][et_pb_social_media_follow_network social_network=&#8221;instagram&#8221; url=&#8221;https:\/\/www.instagram.com\/genevasportsclub\/?hl=fr&#8221; _builder_version=&#8221;4.0.9&#8243; background_color=&#8221;rgba(0,0,0,0)&#8221; global_colors_info=&#8221;{}&#8221; follow_button=&#8221;off&#8221; url_new_window=&#8221;on&#8221;]instagram[\/et_pb_social_media_follow_network][\/et_pb_social_media_follow][\/et_pb_column][\/et_pb_row][\/et_pb_section]<\/p>","protected":false},"excerpt":{"rendered":"<p>Geneva Sports Club events Find out about our latest sport and social events on this page. Contact us to make a reservation or for more information. Events 2025FEB 23Badminton Friendly Tournament For all levelsFrom 9am to 6pm &#8211; Coll\u00e8ge Calvin Rue Ferdinand-Hodler 4 &nbsp;MAR 02Skiing in Villars-Diablerets Intermediate\/Advanced levelDeparture from Plainpalais at 7am and arrival [&hellip;]<\/p>","protected":false},"author":1,"featured_media":29847,"parent":0,"menu_order":0,"comment_status":"closed","ping_status":"closed","template":"","meta":{"_et_pb_use_builder":"on","_et_pb_old_content":"<!-- wp:divi\/placeholder \/-->","_et_gb_content_width":"","_monsterinsights_skip_tracking":false,"_monsterinsights_sitenote_active":false,"_monsterinsights_sitenote_note":"","_monsterinsights_sitenote_category":0},"_links":{"self":[{"href":"https:\/\/genevasportsclub.ch\/fr\/wp-json\/wp\/v2\/pages\/30368"}],"collection":[{"href":"https:\/\/genevasportsclub.ch\/fr\/wp-json\/wp\/v2\/pages"}],"about":[{"href":"https:\/\/genevasportsclub.ch\/fr\/wp-json\/wp\/v2\/types\/page"}],"author":[{"embeddable":true,"href":"https:\/\/genevasportsclub.ch\/fr\/wp-json\/wp\/v2\/users\/1"}],"replies":[{"embeddable":true,"href":"https:\/\/genevasportsclub.ch\/fr\/wp-json\/wp\/v2\/comments?post=30368"}],"version-history":[{"count":38,"href":"https:\/\/genevasportsclub.ch\/fr\/wp-json\/wp\/v2\/pages\/30368\/revisions"}],"predecessor-version":[{"id":32654,"href":"https:\/\/genevasportsclub.ch\/fr\/wp-json\/wp\/v2\/pages\/30368\/revisions\/32654"}],"wp:featuredmedia":[{"embeddable":true,"href":"https:\/\/genevasportsclub.ch\/fr\/wp-json\/wp\/v2\/media\/29847"}],"wp:attachment":[{"href":"https:\/\/genevasportsclub.ch\/fr\/wp-json\/wp\/v2\/media?parent=30368"}],"curies":[{"name":"wp","href":"https:\/\/api.w.org\/{rel}","templated":true}]}}