{"id":29789,"date":"2019-11-19T21:36:26","date_gmt":"2019-11-19T20:36:26","guid":{"rendered":"https:\/\/genevasportsclub.ch\/?page_id=29789"},"modified":"2021-06-27T23:15:02","modified_gmt":"2021-06-27T21:15:02","slug":"how-it-works","status":"publish","type":"page","link":"https:\/\/genevasportsclub.ch\/fr\/how-it-works\/","title":{"rendered":"COMMENT \u00c7A MARCHE"},"content":{"rendered":"<p>[et_pb_section fb_built=&#8221;1&#8243; fullwidth=&#8221;on&#8221; _builder_version=&#8221;4.0.6&#8243;][et_pb_fullwidth_header _builder_version=&#8221;4.0.6&#8243; background_color=&#8221;#6bb808&#8243; background_enable_image=&#8221;off&#8221; width=&#8221;100%&#8221; min_height=&#8221;0px&#8221; height=&#8221;-40px&#8221; custom_margin=&#8221;-83px||33px|||&#8221; custom_padding=&#8221;17px||4px|||&#8221;][\/et_pb_fullwidth_header][\/et_pb_section][et_pb_section fb_built=&#8221;1&#8243; fullwidth=&#8221;on&#8221; _builder_version=&#8221;4.0.6&#8243; custom_margin=&#8221;-50px||||false|false&#8221;][et_pb_fullwidth_header _builder_version=&#8221;4.0.6&#8243; background_image=&#8221;https:\/\/genevasportsclub.ch\/wp-content\/uploads\/2019\/11\/angryimg.png&#8221; custom_margin=&#8221;||6px|||&#8221; custom_padding=&#8221;0px||110px|||&#8221;][\/et_pb_fullwidth_header][\/et_pb_section][et_pb_section fb_built=&#8221;1&#8243; _builder_version=&#8221;4.0.9&#8243; background_image=&#8221;https:\/\/genevasportsclub.ch\/wp-content\/uploads\/2019\/11\/shapes-bg-1.png&#8221; custom_margin=&#8221;||-17px|||&#8221;][et_pb_row column_structure=&#8221;1_4,1_4,1_4,1_4&#8243; _builder_version=&#8221;4.0.9&#8243; background_image=&#8221;https:\/\/genevasportsclub.ch\/wp-content\/uploads\/2019\/11\/shapes-bg-1.png&#8221;][et_pb_column type=&#8221;1_4&#8243; _builder_version=&#8221;4.0.9&#8243;][et_pb_text _builder_version=&#8221;4.0.9&#8243; text_font=&#8221;Rubik|700|||||||&#8221; background_enable_color=&#8221;off&#8221; background_image=&#8221;https:\/\/genevasportsclub.ch\/wp-content\/uploads\/2019\/11\/angryimg.png&#8221; text_orientation=&#8221;center&#8221; custom_margin_tablet=&#8221;&#8221; custom_margin_phone=&#8221;||-30px||false|false&#8221; custom_margin_last_edited=&#8221;on|phone&#8221; custom_padding=&#8221;50px||50px||true|false&#8221; border_radii=&#8221;on|100px|100px|100px|100px&#8221;]<\/p>\n<h1><span style=\"color: #ffffff;\">\u00c9TAPE 1<\/span><\/h1>\n<p>INSCRIPTION<\/p>\n<p>[\/et_pb_text][et_pb_text _builder_version=&#8221;4.7.7&#8243; text_font=&#8221;Quicksand|500|||||||&#8221; custom_margin=&#8221;40px|||30px|false|false&#8221; custom_margin_tablet=&#8221;&#8221; custom_margin_phone=&#8221;||50px||false|false&#8221; custom_margin_last_edited=&#8221;on|phone&#8221; hover_enabled=&#8221;0&#8243; sticky_enabled=&#8221;0&#8243;]<\/p>\n<p style=\"text-align: justify;\" class=\" translation-block\">Cliquez sur <strong>RESERVER MAINTENANT<\/strong> afin d'\u00eatre r\u00e9dig\u00e9 directement sur le site Meetup du groupe. Vous devrez cr\u00e9er un compte (gratuit) si vous n'en avez pas d\u00e9j\u00e0 un.<\/p>\n<p style=\"text-align: justify;\" class=\" translation-block\">Choisissez entre les groupes <strong>GENEVA SPORTS CLUB<\/strong> (<a href=\"https:\/\/www.meetup.com\/fr-FR\/GenevaSportsClub\/\" target=\"_self\">link<\/a>) ou <strong>GENEVA<\/strong>\u00a0<strong>BADMINTON CLUB<\/strong> (<span><a href=\"https:\/\/www.meetup.com\/fr-FR\/Geneva-Badminton-Club\/\" target=\"_self\">link<\/a><\/span>). <strong>OU M\u00caME LES DEUX!<\/strong>\u00a0C'est compl\u00e8tement gratuit et nous ne vous enverrons pas de notifications inutiles.\u00a0\u00a0<strong>\u00a0<\/strong><\/p>\n<p>[\/et_pb_text][\/et_pb_column][et_pb_column type=&#8221;1_4&#8243; _builder_version=&#8221;4.0.9&#8243;][et_pb_text _builder_version=&#8221;4.0.9&#8243; text_font=&#8221;Rubik|700|||||||&#8221; background_color=&#8221;#6bb808&#8243; background_image=&#8221;https:\/\/genevasportsclub.ch\/wp-content\/uploads\/2019\/11\/angryimg.png&#8221; text_orientation=&#8221;center&#8221; custom_margin_tablet=&#8221;&#8221; custom_margin_phone=&#8221;||-30px||false|false&#8221; custom_margin_last_edited=&#8221;on|phone&#8221; custom_padding=&#8221;50px||50px||true|false&#8221; border_radii=&#8221;on|100px|100px|100px|100px&#8221; locked=&#8221;off&#8221;]<\/p>\n<h1><span style=\"color: #ffffff;\">\u00c9TAPE 2<\/span><\/h1>\n<p>CHOISISSEZ VOTRE S\u00c9ANCE<\/p>\n<p>[\/et_pb_text][et_pb_text _builder_version=&#8221;4.7.7&#8243; text_font=&#8221;Quicksand|500|||||||&#8221; custom_margin=&#8221;40px|||30px|false|false&#8221; custom_margin_tablet=&#8221;&#8221; custom_margin_phone=&#8221;||50px||false|false&#8221; custom_margin_last_edited=&#8221;on|phone&#8221; locked=&#8221;off&#8221;]<\/p>\n<p style=\"text-align: justify;\">Regardez nos \u00e9v\u00e9nements hebdomadaires, s\u00e9lectionnez celui qui vous int\u00e9resse et cliquez sur \"ATTEND\" pour vous inscrire.<\/p>\n<p style=\"text-align: justify;\">Vous ne trouvez pas le bouton \"ATTEND\"? Ne vous inqui\u00e9tez pas, vous verrez alors le bouton \"JOIN THE WAITING LIST\". Cela signifie que toutes les places pour cette s\u00e9ance ont d\u00e9j\u00e0 \u00e9t\u00e9 r\u00e9serv\u00e9es. Inscrivez-vous sur liste d'attente pour pouvoir nous joindre en cas de d\u00e9sistement.<\/p>\n<p>[\/et_pb_text][\/et_pb_column][et_pb_column type=&#8221;1_4&#8243; _builder_version=&#8221;4.0.9&#8243;][et_pb_text _builder_version=&#8221;4.0.9&#8243; text_font=&#8221;Rubik|700|||||||&#8221; background_color=&#8221;#6bb808&#8243; background_image=&#8221;https:\/\/genevasportsclub.ch\/wp-content\/uploads\/2019\/11\/angryimg.png&#8221; text_orientation=&#8221;center&#8221; custom_margin_tablet=&#8221;&#8221; custom_margin_phone=&#8221;||-30px||false|false&#8221; custom_margin_last_edited=&#8221;on|phone&#8221; custom_padding=&#8221;50px||50px||true|false&#8221; border_radii=&#8221;on|100px|100px|100px|100px&#8221; locked=&#8221;off&#8221;]<\/p>\n<h1><span style=\"color: #ffffff;\">\u00c9TAPE 3<\/span><\/h1>\n<p>LES D\u00c9TAILS<\/p>\n<p>[\/et_pb_text][et_pb_text _builder_version=&#8221;4.7.7&#8243; text_font=&#8221;Quicksand|500|||||||&#8221; custom_margin=&#8221;40px|||30px|false|false&#8221; custom_margin_tablet=&#8221;&#8221; custom_margin_phone=&#8221;||50px||false|false&#8221; custom_margin_last_edited=&#8221;on|phone&#8221; locked=&#8221;off&#8221;]<\/p>\n<p style=\"text-align: justify;\">N'oubliez pas de consulter les d\u00e9tails de l'\u00e9v\u00e9nement, soit sur notre site web, soit dans la description sur Meetup. Vous trouverez un plan avec l'endroit exact, comment vous habiller ainsi que le mat\u00e9riel \u00e0 prendre, les r\u00e8gles et beaucoup plus.<\/p>\n<p>[\/et_pb_text][\/et_pb_column][et_pb_column type=&#8221;1_4&#8243; _builder_version=&#8221;4.0.9&#8243;][et_pb_text _builder_version=&#8221;4.0.9&#8243; text_font=&#8221;Rubik|700|||||||&#8221; background_color=&#8221;#6bb808&#8243; background_image=&#8221;https:\/\/genevasportsclub.ch\/wp-content\/uploads\/2019\/11\/angryimg.png&#8221; text_orientation=&#8221;center&#8221; custom_margin_tablet=&#8221;&#8221; custom_margin_phone=&#8221;||-30px||false|false&#8221; custom_margin_last_edited=&#8221;on|phone&#8221; custom_padding=&#8221;50px||50px||true|false&#8221; border_radii=&#8221;on|100px|100px|100px|100px&#8221; locked=&#8221;off&#8221;]<\/p>\n<h1><span style=\"color: #ffffff;\">\u00c9TAPE 4<\/span><\/h1>\n<p>AMUSEZ-VOUS BIEN<\/p>\n<p>[\/et_pb_text][et_pb_text _builder_version=&#8221;4.7.7&#8243; text_font=&#8221;Quicksand|500|||||||&#8221; custom_margin=&#8221;40px|||30px|false|false&#8221; custom_margin_tablet=&#8221;&#8221; custom_margin_phone=&#8221;||50px||false|false&#8221; custom_margin_last_edited=&#8221;on|phone&#8221; locked=&#8221;off&#8221;]<\/p>\n<p style=\"text-align: justify;\">Vous l'avez fait! Vous \u00eates pr\u00eat pour commencer, il ne vous reste qu'\u00e0 profiter de la s\u00e9ance. Si vous avez la moindre question, n'h\u00e9sitez pas \u00e0 demander \u00e0 l'h\u00f4te de l'activit\u00e9 sur place, qui sera ravi de vous aider.<\/p>\n<p>[\/et_pb_text][\/et_pb_column][\/et_pb_row][\/et_pb_section]<\/p>","protected":false},"excerpt":{"rendered":"<p>STEP 1 REGISTRATIONClick on BOOK NOW to be redirected to the Meetup group page. You will need to create an account (for free) if you do not already have one. Choose between the GENEVA SPORTS CLUB\u00a0group (link) or the GENEVA\u00a0BADMINTON CLUB group (link). OR WHY NOT JOIN BOTH!\u00a0It is completely free and we will not [&hellip;]<\/p>","protected":false},"author":1,"featured_media":0,"parent":0,"menu_order":0,"comment_status":"closed","ping_status":"closed","template":"","meta":{"_et_pb_use_builder":"on","_et_pb_old_content":"<!-- wp:divi\/placeholder \/-->","_et_gb_content_width":"","_monsterinsights_skip_tracking":false,"_monsterinsights_sitenote_active":false,"_monsterinsights_sitenote_note":"","_monsterinsights_sitenote_category":0},"_links":{"self":[{"href":"https:\/\/genevasportsclub.ch\/fr\/wp-json\/wp\/v2\/pages\/29789"}],"collection":[{"href":"https:\/\/genevasportsclub.ch\/fr\/wp-json\/wp\/v2\/pages"}],"about":[{"href":"https:\/\/genevasportsclub.ch\/fr\/wp-json\/wp\/v2\/types\/page"}],"author":[{"embeddable":true,"href":"https:\/\/genevasportsclub.ch\/fr\/wp-json\/wp\/v2\/users\/1"}],"replies":[{"embeddable":true,"href":"https:\/\/genevasportsclub.ch\/fr\/wp-json\/wp\/v2\/comments?post=29789"}],"version-history":[{"count":26,"href":"https:\/\/genevasportsclub.ch\/fr\/wp-json\/wp\/v2\/pages\/29789\/revisions"}],"predecessor-version":[{"id":32394,"href":"https:\/\/genevasportsclub.ch\/fr\/wp-json\/wp\/v2\/pages\/29789\/revisions\/32394"}],"wp:attachment":[{"href":"https:\/\/genevasportsclub.ch\/fr\/wp-json\/wp\/v2\/media?parent=29789"}],"curies":[{"name":"wp","href":"https:\/\/api.w.org\/{rel}","templated":true}]}}