{"id":29147,"date":"2019-11-12T12:20:06","date_gmt":"2019-11-12T11:20:06","guid":{"rendered":"https:\/\/genevasportsclub.ch\/?page_id=29147"},"modified":"2021-05-26T11:09:45","modified_gmt":"2021-05-26T09:09:45","slug":"aboutus-sports-in-geneva","status":"publish","type":"page","link":"https:\/\/genevasportsclub.ch\/fr\/aboutus-sports-in-geneva\/","title":{"rendered":"A PROPOS"},"content":{"rendered":"<p>[et_pb_section fb_built=&#8221;1&#8243; fullwidth=&#8221;on&#8221; _builder_version=&#8221;4.0.6&#8243;][et_pb_fullwidth_header _builder_version=&#8221;4.0.6&#8243; background_color=&#8221;#6bb808&#8243; background_enable_image=&#8221;off&#8221; width=&#8221;100%&#8221; min_height=&#8221;0px&#8221; height=&#8221;-40px&#8221; custom_margin=&#8221;-83px||33px|||&#8221; custom_padding=&#8221;17px||4px|||&#8221;][\/et_pb_fullwidth_header][\/et_pb_section][et_pb_section fb_built=&#8221;1&#8243; fullwidth=&#8221;on&#8221; _builder_version=&#8221;4.0.6&#8243; custom_margin=&#8221;-50px||||false|false&#8221;][et_pb_fullwidth_header _builder_version=&#8221;4.0.6&#8243; background_image=&#8221;https:\/\/genevasportsclub.ch\/wp-content\/uploads\/2019\/11\/angryimg.png&#8221; custom_margin=&#8221;||6px|||&#8221; custom_padding=&#8221;0px||108px|||&#8221;][\/et_pb_fullwidth_header][\/et_pb_section][et_pb_section fb_built=&#8221;1&#8243; _builder_version=&#8221;4.0.6&#8243; background_color=&#8221;rgba(214,214,214,0.24)&#8221; background_enable_image=&#8221;off&#8221; parallax=&#8221;on&#8221; min_height=&#8221;455px&#8221; custom_margin=&#8221;-93px|||||&#8221; custom_padding=&#8221;0px||12px|||&#8221;][et_pb_row column_structure=&#8221;3_4,1_4&#8243; _builder_version=&#8221;4.0.6&#8243; min_height=&#8221;427px&#8221; custom_margin=&#8221;91px|auto||auto|false|false&#8221; custom_padding=&#8221;30px||||false|false&#8221;][et_pb_column type=&#8221;3_4&#8243; _builder_version=&#8221;4.0.6&#8243;][et_pb_text _builder_version=&#8221;4.7.7&#8243; text_font=&#8221;Quicksand||||||||&#8221; header_font=&#8221;Quicksand||||||||&#8221; min_height=&#8221;409px&#8221; custom_padding=&#8221;0px|||||&#8221;]<\/p>\n<p><span style=\"font-size: xx-large;\"><\/span><\/p>\n<p><span style=\"font-size: xx-large;\">Geneva Sports Club<\/span><\/p>\n<p style=\"text-align: justify;\" class=\" translation-block\">\"<\/strong>Geneva Sports Club<\/strong>\" est une association \u00e0 but non lucratif qui organise diff\u00e9rentes activit\u00e9s sportives dans une atmosph\u00e8re sympa et conviviale.<\/p>\n<p style=\"text-align: justify;\">Peu importe si vous \u00eates jeune ou \u00e2g\u00e9, genevois ou expatri\u00e9, si vous cherchez \u00e0 rencontrer du monde ou juste pour le plaisir de faire du sport; ce qui est certain c'est que vous \u00eates au bon endroit!<\/p>\n<p style=\"text-align: justify;\">Aucun frais d'inscription ou abonnement est requis. \u00c7a suffit de s'inscrire \u00e0 l'activit\u00e9 de votre choix et nous nous occupons du reste. Nous louons les installations, nous vous pr\u00eatons le materiel si n\u00e9cessaire, nous vous expliquons les r\u00e8gles et nous vous pr\u00e9sentons aux autres participants. Vous avez qu'\u00e0 vous amuser et transpirer - mais uniquement si vous voulez!<\/p>\n<p style=\"text-align: justify;\">Juste un instant, car il y en a encore plus! \u00c0 chaque fois que vous vous inscrivez \u00e0 une de nos activit\u00e9s, nous destinons tous les trimestres une petite partie de vos frais d'inscription \u00e0 une association caritative diff\u00e9rente.<\/p>\n<p style=\"text-align: justify;\">Activit\u00e9s hebdomadaires ou \u00e9v\u00e8nements sp\u00e9ciaux, nous esp\u00e9rons que vous trouverez ce que vous cherchez. Ce n'est pas le cas? Alors contactez nous et partagez avec nous vos attentes, nous ferons notre mieux pour vous combler.<\/p>\n<p style=\"text-align: justify;\">Profitez d'un moment de d\u00e9tente et amusez vous en faisant du sport, vous vous sentirez beaucoup mieux!<\/p>\n<p>[\/et_pb_text][et_pb_button button_url=&#8221;https:\/\/genevasportsclub.ch\/sports-in-geneva\/&#8221; button_text=&#8221;Discover Our Activities&#8221; button_alignment=&#8221;center&#8221; _builder_version=&#8221;4.3.2&#8243; custom_button=&#8221;on&#8221; button_text_color=&#8221;#ffffff&#8221; button_bg_color=&#8221;#6bb808&#8243; button_border_width=&#8221;2px&#8221; button_border_color=&#8221;#6bb808&#8243; button_border_radius=&#8221;100px&#8221; button_font=&#8221;Quicksand||||||||&#8221; custom_margin=&#8221;||11px|||&#8221; custom_padding=&#8221;||3px|||&#8221;][\/et_pb_button][\/et_pb_column][et_pb_column type=&#8221;1_4&#8243; _builder_version=&#8221;4.0.6&#8243;][et_pb_image src=&#8221;https:\/\/genevasportsclub.ch\/wp-content\/uploads\/2020\/11\/image19-46.jpeg&#8221; _builder_version=&#8221;4.3.2&#8243; width_tablet=&#8221;&#8221; width_phone=&#8221;75%&#8221; width_last_edited=&#8221;on|phone&#8221; max_width=&#8221;100%&#8221; max_width_tablet=&#8221;&#8221; max_width_phone=&#8221;&#8221; max_width_last_edited=&#8221;on|desktop&#8221; min_height_tablet=&#8221;&#8221; min_height_phone=&#8221;auto&#8221; min_height_last_edited=&#8221;on|phone&#8221; custom_margin_tablet=&#8221;&#8221; custom_margin_phone=&#8221;&#8221; custom_margin_last_edited=&#8221;on|phone&#8221; custom_padding=&#8221;70px||29px||false|false&#8221; custom_padding_tablet=&#8221;0px||0px||false|false&#8221; custom_padding_phone=&#8221;0px||0px||false|false&#8221; custom_padding_last_edited=&#8221;on|phone&#8221; module_alignment_tablet=&#8221;&#8221; module_alignment_phone=&#8221;center&#8221; module_alignment_last_edited=&#8221;on|phone&#8221;][\/et_pb_image][\/et_pb_column][\/et_pb_row][\/et_pb_section][et_pb_section fb_built=&#8221;1&#8243; admin_label=&#8221;Become A Sponsor&#8221; _builder_version=&#8221;4.0.9&#8243; use_background_color_gradient=&#8221;on&#8221; background_color_gradient_start=&#8221;#6BB808&#8243; background_color_gradient_end=&#8221;#209716&#8243; background_color_gradient_direction=&#8221;90deg&#8221; background_enable_image=&#8221;off&#8221; custom_margin=&#8221;0px||-14px||false|false&#8221; custom_padding=&#8221;10px||10px||true|false&#8221;][et_pb_row column_structure=&#8221;1_2,1_2&#8243; _builder_version=&#8221;4.0.4&#8243;][et_pb_column type=&#8221;1_2&#8243; _builder_version=&#8221;4.0.4&#8243; custom_padding=&#8221;|||&#8221; custom_padding__hover=&#8221;|||&#8221;][et_pb_cta title=&#8221;Want to become a host?&#8221; button_url=&#8221;https:\/\/genevasportsclub.ch\/contact-us\/&#8221; button_text=&#8221;Apply Now to Become A Host&#8221; button_text_tablet=&#8221;&#8221; button_text_phone=&#8221;Apply Now to Become A Host&#8221; button_text_last_edited=&#8221;on|phone&#8221; _builder_version=&#8221;4.7.7&#8243; header_font=&#8221;Quicksand|300|||||||&#8221; header_font_size=&#8221;45px&#8221; header_line_height=&#8221;1.2em&#8221; body_font=&#8221;Quicksand||||||||&#8221; body_text_color=&#8221;#ffffff&#8221; body_font_size=&#8221;16px&#8221; body_line_height=&#8221;1.8em&#8221; use_background_color=&#8221;off&#8221; custom_button=&#8221;on&#8221; button_text_size=&#8221;14px&#8221; button_text_color=&#8221;#000000&#8243; button_bg_color=&#8221;#ffffff&#8221; button_border_width=&#8221;10px&#8221; button_border_color=&#8221;#ffffff&#8221; button_border_radius=&#8221;100px&#8221; button_letter_spacing=&#8221;3px&#8221; button_font=&#8221;Quicksand|700||on|||||&#8221; button_custom_margin_tablet=&#8221;&#8221; button_custom_margin_phone=&#8221;||||false|false&#8221; button_custom_margin_last_edited=&#8221;on|phone&#8221; button_custom_padding_tablet=&#8221;&#8221; button_custom_padding_phone=&#8221;||||false|false&#8221; button_custom_padding_last_edited=&#8221;on|phone&#8221; text_orientation=&#8221;left&#8221; max_width_tablet=&#8221;&#8221; max_width_phone=&#8221;&#8221; max_width_last_edited=&#8221;on|phone&#8221; button_text_size_tablet=&#8221;&#8221; button_text_size_phone=&#8221;14px&#8221; button_text_size_last_edited=&#8221;on|phone&#8221; button_text_color_tablet=&#8221;&#8221; button_text_color_phone=&#8221;&#8221; button_text_color_last_edited=&#8221;on|phone&#8221; button_bg_color_tablet=&#8221;&#8221; button_bg_color_phone=&#8221;#ffffff&#8221; button_bg_color_last_edited=&#8221;on|phone&#8221; button_bg_enable_color_phone=&#8221;on&#8221; button_border_width_tablet=&#8221;&#8221; button_border_width_phone=&#8221;10px&#8221; button_border_width_last_edited=&#8221;on|phone&#8221; button_icon_color_tablet=&#8221;&#8221; button_icon_color_phone=&#8221;#ffffff&#8221; button_icon_color_last_edited=&#8221;on|phone&#8221; button_icon_placement_tablet=&#8221;&#8221; button_icon_placement_phone=&#8221;right&#8221; button_icon_placement_last_edited=&#8221;on|phone&#8221; button_on_hover_tablet=&#8221;&#8221; button_on_hover_phone=&#8221;on&#8221; button_on_hover_last_edited=&#8221;on|phone&#8221; button_alignment_tablet=&#8221;&#8221; button_alignment_phone=&#8221;center&#8221; button_alignment_last_edited=&#8221;on|phone&#8221; button_text_color_hover=&#8221;#04bff4&#8243; button_border_radius_hover=&#8221;100px&#8221; button_letter_spacing_hover=&#8221;3px&#8221; button_text_size__hover_enabled=&#8221;off&#8221; button_one_text_size__hover_enabled=&#8221;off&#8221; button_two_text_size__hover_enabled=&#8221;off&#8221; button_text_color__hover_enabled=&#8221;on&#8221; button_text_color__hover=&#8221;#04bff4&#8243; button_one_text_color__hover_enabled=&#8221;off&#8221; button_two_text_color__hover_enabled=&#8221;off&#8221; button_border_width__hover_enabled=&#8221;off&#8221; button_one_border_width__hover_enabled=&#8221;off&#8221; button_two_border_width__hover_enabled=&#8221;off&#8221; button_border_color__hover_enabled=&#8221;off&#8221; button_one_border_color__hover_enabled=&#8221;off&#8221; button_two_border_color__hover_enabled=&#8221;off&#8221; button_border_radius__hover_enabled=&#8221;on&#8221; button_border_radius__hover=&#8221;100px&#8221; button_one_border_radius__hover_enabled=&#8221;off&#8221; button_two_border_radius__hover_enabled=&#8221;off&#8221; button_letter_spacing__hover_enabled=&#8221;on&#8221; button_letter_spacing__hover=&#8221;3px&#8221; button_one_letter_spacing__hover_enabled=&#8221;off&#8221; button_two_letter_spacing__hover_enabled=&#8221;off&#8221; button_bg_color__hover_enabled=&#8221;off&#8221; button_one_bg_color__hover_enabled=&#8221;off&#8221; button_two_bg_color__hover_enabled=&#8221;off&#8221;]<\/p>\n<p>Vous voulez faire partie de notre super \u00e9quipe d'h\u00f4tes\/h\u00f4tesses sportifs? Ou tout simplement nous pr\u00eater main-forte? Alors joignez-vous \u00e0 nous!<\/p>\n<p>[\/et_pb_cta][\/et_pb_column][et_pb_column type=&#8221;1_2&#8243; _builder_version=&#8221;4.0.4&#8243; custom_padding=&#8221;|||&#8221; custom_padding__hover=&#8221;|||&#8221;][et_pb_text _builder_version=&#8221;4.0.9&#8243; text_font=&#8221;Quicksand||||||||&#8221; text_font_size=&#8221;16px&#8221; text_line_height=&#8221;1.9em&#8221; link_font=&#8221;||||||||&#8221; ul_font=&#8221;||||||||&#8221; ol_font=&#8221;||||||||&#8221; quote_font=&#8221;||||||||&#8221; header_font=&#8221;||||||||&#8221; header_2_font=&#8221;Roboto|300|||||||&#8221; header_2_font_size=&#8221;50px&#8221; header_2_line_height=&#8221;1.4em&#8221; background_layout=&#8221;dark&#8221; header_2_font_size_tablet=&#8221;40px&#8221; header_2_font_size_phone=&#8221;32px&#8221; header_2_font_size_last_edited=&#8221;on|phone&#8221; locked=&#8221;off&#8221;]<\/p>\n<ul>\n<li>Peu importe le sport que vous accueillerez, la s\u00e9ance sera compl\u00e8tement GRATUITE pour vous.<\/li>\n<\/ul>\n<p>[\/et_pb_text][et_pb_text _builder_version=&#8221;4.0.9&#8243; text_font=&#8221;Quicksand||||||||&#8221; text_font_size=&#8221;16px&#8221; text_line_height=&#8221;1.9em&#8221; link_font=&#8221;||||||||&#8221; ul_font=&#8221;||||||||&#8221; ol_font=&#8221;||||||||&#8221; quote_font=&#8221;||||||||&#8221; header_font=&#8221;||||||||&#8221; header_2_font=&#8221;Roboto|300|||||||&#8221; header_2_font_size=&#8221;50px&#8221; header_2_line_height=&#8221;1.4em&#8221; background_layout=&#8221;dark&#8221; header_2_font_size_tablet=&#8221;40px&#8221; header_2_font_size_phone=&#8221;32px&#8221; header_2_font_size_last_edited=&#8221;on|phone&#8221; locked=&#8221;off&#8221;]<\/p>\n<ul>\n<li>Accueillez plusieurs activit\u00e9s et obtenez des avantages! Plus vous participez, plus vous recevez.<\/li>\n<\/ul>\n<p>[\/et_pb_text][et_pb_text _builder_version=&#8221;4.0.9&#8243; text_font=&#8221;Quicksand||||||||&#8221; text_font_size=&#8221;16px&#8221; text_line_height=&#8221;1.9em&#8221; link_font=&#8221;||||||||&#8221; ul_font=&#8221;||||||||&#8221; ol_font=&#8221;||||||||&#8221; quote_font=&#8221;||||||||&#8221; header_font=&#8221;||||||||&#8221; header_2_font=&#8221;Roboto|300|||||||&#8221; header_2_font_size=&#8221;50px&#8221; header_2_line_height=&#8221;1.4em&#8221; background_layout=&#8221;dark&#8221; header_2_font_size_tablet=&#8221;40px&#8221; header_2_font_size_phone=&#8221;32px&#8221; header_2_font_size_last_edited=&#8221;on|phone&#8221; locked=&#8221;off&#8221;]<\/p>\n<ul>\n<li>Rencontrez un groupe dr\u00f4le de gens sympas et pourquoi pas, faites des nouveaux amis!\u00a0\u00a0<\/li>\n<\/ul>\n<p>[\/et_pb_text][\/et_pb_column][\/et_pb_row][\/et_pb_section][et_pb_section fb_built=&#8221;1&#8243; admin_label=&#8221;Subscribe&#8221; _builder_version=&#8221;4.0.6&#8243; background_enable_color=&#8221;off&#8221; background_color_gradient_direction=&#8221;90deg&#8221; background_enable_image=&#8221;off&#8221; background_size=&#8221;initial&#8221; background_position=&#8221;bottom_right&#8221; custom_margin=&#8221;40px||||false|false&#8221; custom_padding=&#8221;29px|||||&#8221;][et_pb_row column_structure=&#8221;1_2,1_2&#8243; _builder_version=&#8221;4.0.6&#8243; background_color=&#8221;rgba(214,214,214,0.24)&#8221; width=&#8221;75%&#8221; max_width=&#8221;957px&#8221; custom_margin=&#8221;||||false|false&#8221; custom_padding=&#8221;||0px||false|false&#8221;][et_pb_column type=&#8221;1_2&#8243; _builder_version=&#8221;3.25&#8243; custom_padding=&#8221;|||&#8221; custom_padding__hover=&#8221;|||&#8221;][et_pb_signup mailchimp_list=&#8221;a0c86ae718&#8243; layout=&#8221;top_bottom&#8221; last_name_field=&#8221;off&#8221; title=&#8221;Stay In the Loop! &#8221; description=&#8221;<\/p>\n<p style=%22text-align: center;%22>Sign up for our monthly newsletter and occasional special event alert!<\/p>\n<p>&#8221; _builder_version=&#8221;4.2.2&#8243; form_field_background_color=&#8221;#ffffff&#8221; form_field_custom_margin=&#8221;||||false|false&#8221; header_font=&#8221;Quicksand|300|||||||&#8221; header_text_align=&#8221;center&#8221; header_font_size=&#8221;50px&#8221; header_line_height=&#8221;1.4em&#8221; body_font=&#8221;Quicksand||||||||&#8221; body_line_height=&#8221;1.9em&#8221; result_message_font=&#8221;Quicksand||||||||&#8221; form_field_font=&#8221;Quicksand||||||||&#8221; form_field_font_size=&#8221;16px&#8221; form_field_line_height=&#8221;1.8em&#8221; use_background_color=&#8221;off&#8221; custom_button=&#8221;on&#8221; button_text_size=&#8221;14px&#8221; button_text_color=&#8221;#ffffff&#8221; button_bg_color=&#8221;#6bb808&#8243; button_border_width=&#8221;10px&#8221; button_border_color=&#8221;rgba(0,0,0,0)&#8221; button_border_radius=&#8221;100px&#8221; button_letter_spacing=&#8221;3px&#8221; button_font=&#8221;Quicksand|700||on|||||&#8221; button_rel=&#8221;off|on|off|off|off&#8221; background_layout=&#8221;light&#8221; max_width_tablet=&#8221;100%&#8221; max_width_last_edited=&#8221;off|desktop&#8221; module_alignment=&#8221;center&#8221; custom_margin=&#8221;|-167px||80px|false|false&#8221; custom_margin_tablet=&#8221;|20px||20px|false|true&#8221; custom_margin_phone=&#8221;|10px||10px|false|false&#8221; custom_margin_last_edited=&#8221;on|phone&#8221; custom_padding=&#8221;|0px|20px|7px|false|false&#8221; custom_padding_tablet=&#8221;|0px||0px|false|false&#8221; custom_padding_phone=&#8221;|0px||0px|false|false&#8221; custom_padding_last_edited=&#8221;on|phone&#8221; header_font_size_tablet=&#8221;40px&#8221; header_font_size_phone=&#8221;32px&#8221; header_font_size_last_edited=&#8221;on|phone&#8221; border_radii_fields=&#8221;on|42px|42px|42px|42px&#8221; border_color_all_fields=&#8221;#ffffff&#8221; button_letter_spacing_hover=&#8221;3px&#8221; locked=&#8221;off&#8221; button_text_size__hover_enabled=&#8221;off&#8221; button_one_text_size__hover_enabled=&#8221;off&#8221; button_two_text_size__hover_enabled=&#8221;off&#8221; button_text_color__hover_enabled=&#8221;off&#8221; button_one_text_color__hover_enabled=&#8221;off&#8221; button_two_text_color__hover_enabled=&#8221;off&#8221; button_border_width__hover_enabled=&#8221;off&#8221; button_one_border_width__hover_enabled=&#8221;off&#8221; button_two_border_width__hover_enabled=&#8221;off&#8221; button_border_color__hover_enabled=&#8221;off&#8221; button_one_border_color__hover_enabled=&#8221;off&#8221; button_two_border_color__hover_enabled=&#8221;off&#8221; button_border_radius__hover_enabled=&#8221;off&#8221; button_one_border_radius__hover_enabled=&#8221;off&#8221; button_two_border_radius__hover_enabled=&#8221;off&#8221; button_letter_spacing__hover_enabled=&#8221;on&#8221; button_letter_spacing__hover=&#8221;3px&#8221; button_one_letter_spacing__hover_enabled=&#8221;off&#8221; button_two_letter_spacing__hover_enabled=&#8221;off&#8221; button_bg_color__hover_enabled=&#8221;off&#8221; button_one_bg_color__hover_enabled=&#8221;off&#8221; button_two_bg_color__hover_enabled=&#8221;off&#8221;][\/et_pb_signup][\/et_pb_column][et_pb_column type=&#8221;1_2&#8243; _builder_version=&#8221;3.25&#8243; custom_padding=&#8221;|||&#8221; custom_padding__hover=&#8221;|||&#8221;][et_pb_image src=&#8221;https:\/\/genevasportsclub.ch\/wp-content\/uploads\/2020\/02\/Geneva-Sports-Club-Newsletter.jpg&#8221; align=&#8221;right&#8221; _builder_version=&#8221;4.2.2&#8243; width=&#8221;50%&#8221; custom_margin=&#8221;20px|30px|||false|false&#8221; custom_margin_tablet=&#8221;&#8221; custom_margin_phone=&#8221;|80px|||false|false&#8221; custom_margin_last_edited=&#8221;on|phone&#8221; custom_padding=&#8221;||||false|false&#8221; custom_padding_tablet=&#8221;|||60px||&#8221; custom_padding_phone=&#8221;|||3px|false|false&#8221; custom_padding_last_edited=&#8221;on|phone&#8221;][\/et_pb_image][\/et_pb_column][\/et_pb_row][\/et_pb_section]<\/p>","protected":false},"excerpt":{"rendered":"<p>Geneva Sports Club The \u201cGeneva Sports Club\u201d is a non-profit organisation that coordinates sports activities in a fun and friendly atmosphere. If you are old or young, local or expat, looking to meet new people or just want to discover some new sports, then you are definitely in the right place! No membership or long-term [&hellip;]<\/p>","protected":false},"author":1,"featured_media":0,"parent":0,"menu_order":0,"comment_status":"closed","ping_status":"closed","template":"","meta":{"_et_pb_use_builder":"on","_et_pb_old_content":"<!-- wp:paragraph -->\n<p>This is an example page. It's different from a blog post because it will stay in one place and will show up in your site navigation (in most themes). Most people start with an About page that introduces them to potential site visitors. It might say something like this:<\/p>\n<!-- \/wp:paragraph -->\n\n<!-- wp:quote -->\n<blockquote class=\"wp-block-quote\"><p>Hi there! I'm a bike messenger by day, aspiring actor by night, and this is my website. I live in Los Angeles, have a great dog named Jack, and I like pi\u00f1a coladas. (And gettin' caught in the rain.)<\/p><\/blockquote>\n<!-- \/wp:quote -->\n\n<!-- wp:paragraph -->\n<p>...or something like this:<\/p>\n<!-- \/wp:paragraph -->\n\n<!-- wp:quote -->\n<blockquote class=\"wp-block-quote\"><p>The XYZ Doohickey Company was founded in 1971, and has been providing quality doohickeys to the public ever since. Located in Gotham City, XYZ employs over 2,000 people and does all kinds of awesome things for the Gotham community.<\/p><\/blockquote>\n<!-- \/wp:quote -->\n\n<!-- wp:paragraph -->\n<p>As a new WordPress user, you should go to <a href=\"http:\/\/genevasportsclub.ch\/wp-admin\/\">your dashboard<\/a> to delete this page and create new pages for your content. Have fun!<\/p>\n<!-- \/wp:paragraph -->","_et_gb_content_width":"","_monsterinsights_skip_tracking":false,"_monsterinsights_sitenote_active":false,"_monsterinsights_sitenote_note":"","_monsterinsights_sitenote_category":0},"_links":{"self":[{"href":"https:\/\/genevasportsclub.ch\/fr\/wp-json\/wp\/v2\/pages\/29147"}],"collection":[{"href":"https:\/\/genevasportsclub.ch\/fr\/wp-json\/wp\/v2\/pages"}],"about":[{"href":"https:\/\/genevasportsclub.ch\/fr\/wp-json\/wp\/v2\/types\/page"}],"author":[{"embeddable":true,"href":"https:\/\/genevasportsclub.ch\/fr\/wp-json\/wp\/v2\/users\/1"}],"replies":[{"embeddable":true,"href":"https:\/\/genevasportsclub.ch\/fr\/wp-json\/wp\/v2\/comments?post=29147"}],"version-history":[{"count":51,"href":"https:\/\/genevasportsclub.ch\/fr\/wp-json\/wp\/v2\/pages\/29147\/revisions"}],"predecessor-version":[{"id":32380,"href":"https:\/\/genevasportsclub.ch\/fr\/wp-json\/wp\/v2\/pages\/29147\/revisions\/32380"}],"wp:attachment":[{"href":"https:\/\/genevasportsclub.ch\/fr\/wp-json\/wp\/v2\/media?parent=29147"}],"curies":[{"name":"wp","href":"https:\/\/api.w.org\/{rel}","templated":true}]}}